{"id":21,"date":"2021-02-24T09:19:27","date_gmt":"2021-02-24T09:19:27","guid":{"rendered":"https:\/\/radioljubuski.ba\/?page_id=21"},"modified":"2023-07-13T13:40:00","modified_gmt":"2023-07-13T12:40:00","slug":"radio-reklama-povecava-promet","status":"publish","type":"page","link":"https:\/\/radioljubuski.ba\/index.php\/radio-reklama-povecava-promet\/","title":{"rendered":"Radio reklama pove\u0107ava promet"},"content":{"rendered":"\n<figure class=\"wp-block-image size-full\"><img loading=\"lazy\" decoding=\"async\" width=\"940\" height=\"788\" src=\"https:\/\/radioljubuski.ba\/wp-content\/uploads\/2023\/07\/RADIO-OGLASNIK-1.png\" alt=\"\" class=\"wp-image-192940\" srcset=\"https:\/\/radioljubuski.ba\/wp-content\/uploads\/2023\/07\/RADIO-OGLASNIK-1.png 940w, https:\/\/radioljubuski.ba\/wp-content\/uploads\/2023\/07\/RADIO-OGLASNIK-1-300x251.png 300w, https:\/\/radioljubuski.ba\/wp-content\/uploads\/2023\/07\/RADIO-OGLASNIK-1-768x644.png 768w\" sizes=\"auto, (max-width: 940px) 100vw, 940px\" \/><\/figure>\n\n\n\n<p>Telefoni: <\/p>\n\n\n\n<p>063 33 44 55<\/p>\n\n\n\n<p>039\/ 831-930\u00a0\u00a0\u00a0\u00a0\u00a0\u00a0<br>fax: 039\/ 832-736 \u00a0<br>E-mail:\u00a0<a href=\"mailto:hrlj@tel.net.ba\">hrlj@tel.net.ba<\/a><\/p>\n\n\n\n<p> <\/p>\n\n\n\n<figure class=\"wp-block-image size-full\"><img loading=\"lazy\" decoding=\"async\" width=\"940\" height=\"788\" src=\"https:\/\/radioljubuski.ba\/wp-content\/uploads\/2023\/06\/Your-paragraph-text.png\" alt=\"\" class=\"wp-image-192578\" srcset=\"https:\/\/radioljubuski.ba\/wp-content\/uploads\/2023\/06\/Your-paragraph-text.png 940w, https:\/\/radioljubuski.ba\/wp-content\/uploads\/2023\/06\/Your-paragraph-text-300x251.png 300w, https:\/\/radioljubuski.ba\/wp-content\/uploads\/2023\/06\/Your-paragraph-text-768x644.png 768w\" sizes=\"auto, (max-width: 940px) 100vw, 940px\" \/><\/figure>\n\n\n\n<p>Kako se istaknuti u masi marketin\u0161kih kampanja?<\/p>\n\n\n\n<p>Jedan od na\u010dina za nadma\u0161iti konkurenciju jesu radio reklame.<\/p>\n\n\n\n<p>Radio reklama je vrlo u\u010dinkovit na\u010din da se pove\u0107a promet u va\u0161em poduze\u0107u, pokazuju podaci koje je objavio poslovni portal&nbsp;<strong>Poslovne.com.<\/strong><\/p>\n\n\n\n<p>Studija koju je provela kompanija TagStation LLC otkrila je da radio oglasi u prosjeku pove\u0107avaju promet za 22 posto.<\/p>\n\n\n\n<p>Razumijevanje razli\u010ditih na\u010dina na koji radio mo\u017ee pove\u0107ati promet va\u0161e tvrtke va\u017eno je jer \u0107e vam odgovoriti na pitanje kako do\u0107i do tog uspjeha.<\/p>\n\n\n\n<p>Studija je analizirala 1,5 milijun radio spotova za 10 tvrtki na 100 najboljih ameri\u010dkih radio stanica, prikupljaju\u0107i podatke od slu\u0161atelja od travnja do lipnja 2018. godine.<\/p>\n\n\n\n<p>Analizom studije pokazani su rezultati koji govore u prilog porasta prometa:<\/p>\n\n\n\n<p><strong><em>&nbsp;&nbsp;&nbsp; 32 % u automobilskoj industriji<\/em><\/strong><\/p>\n\n\n\n<p><strong><em>&nbsp;&nbsp;&nbsp; 32 % u kozmetici<\/em><\/strong><\/p>\n\n\n\n<p><strong><em>&nbsp;&nbsp;&nbsp; 23 % u restoranima brze hrane<\/em><\/strong><\/p>\n\n\n\n<p><strong><em>&nbsp;&nbsp;&nbsp; 7 % u tvrtkama povezanima sa uslugama renoviranja stanova<\/em><\/strong><\/p>\n\n\n\n<p>Radio ima potencijal utjecati na slu\u0161atelje na razli\u010dite na\u010dine.<\/p>\n\n\n\n<p>Podijelili smo utjecaj radio stanice na slu\u0161atelje na nekoliko stavki:<\/p>\n\n\n\n<p><strong>Radio sti\u017ee do potro\u0161a\u010da na mjestu kupovine<\/strong><\/p>\n\n\n\n<p>Kad je u pitanju slu\u0161anje FM radija, vi\u0161e od dvije tre\u0107ine slu\u0161atelja je u trenutku slu\u0161anja van svojih domova. To se u prosjeku obi\u010dno doga\u0111a kada ljudi rade ili su u autu u blizini prodajnog mjesta na kojem kupuju. Slu\u0161anje radio reklama tijekom ovih kriti\u010dnih trenutaka mo\u017ee ih potaknuti na akciju, poput posjete va\u0161oj trgovini.<\/p>\n\n\n\n<p><strong>Radio utje\u010de na pona\u0161anje potro\u0161a\u010da<\/strong><\/p>\n\n\n\n<p>Osam od deset slu\u0161atelja ka\u017ee da bi razmislili o kupovini ne\u010deg \u0161to im je preporu\u010dila njihova omiljena radio-osoba. Ova vrsta utjecaja mo\u017ee pomo\u0107i u privla\u010denju prometa u va\u0161u trgovinu. U prosjeku, usporedbom trgovina koje su imale kvalitetnu radio-kampanju sa onima koje to nisu imale, 30% vi\u0161e prometa se dogodilo u trgovinama koje su imale dobru radio reklamu.<\/p>\n\n\n\n<p><strong>Radio reklama uve\u0107ava i va\u0161 domet<\/strong><\/p>\n\n\n\n<p>Radio oglasi dizajnirani su tako da maksimaliziraju va\u0161 domet i u\u010destalost. To pove\u0107ava ukupnu svjesnost i vidljivost brenda i povla\u010di trenutni poziv na radnju kada kupci \u010duju za va\u0161u uslugu. S obzirom na potencijalne koristi, radio mo\u017ee napraviti ogromnu razliku u prometu va\u0161eg poduze\u0107a. Dodatni dobici \u2013 poput pove\u0107ane svijesti o robnoj marki \u2013 trebalo bi vam dati jo\u0161 vi\u0161e razloga da iskoristite snagu radija u svojoj marketin\u0161koj strategiji.<\/p>\n\n\n\n<p><strong>Radio Ljubu\u0161ki<\/strong>&nbsp;idealan je izbor za promociju va\u0161ih akcija, jer uz mogu\u0107nost oglasa na radiju, nudi i povoljne pakete ogla\u0161avanja na portalu Radioljubuski.ba, te na dru\u0161tvenim mre\u017eama.<\/p>\n\n\n\n<p>Portal Radioljubuski.ba mjese\u010dno bilje\u017ei preko 100.000 posjeta stranicama, a JP Radio Ljubu\u0161ki d.o.o. ima i sna\u017enu prisutnost kao i vjernu publiku na dru\u0161tvenim mre\u017eama, raspola\u017eemo s dvije Facebook stranice koje ukupno imaju 15 tisu\u0107a pratitelja.&nbsp;<\/p>\n\n\n\n<p>Kombiniranje radio ogla\u0161avanja i digitalnog ogla\u0161avanja vrlo je efikasan oblik ogla\u0161avanja, koji za mali ulog nudi \u0161iroki doseg publike, a na raspolaganju su vam profesionalci koji \u0107e snimiti va\u0161u reklamu na pravi na\u010din i dobit \u0107ete ono \u0161to platite.<\/p>\n\n\n\n<p>Kako pi\u0161e poslovni portal manager.ba, prednost radija je u tome \u0161to je najosobniji od svih medija. Svaki slu\u0161atelj ima omiljeni radio i jako mu je lojalan. Stalnim reklamiranjem na tom radiju, slu\u0161atelji va\u0161e reklame vi\u0161e ne tretiraju kao \u201creklame\u201d. Tretiraju ih kao korisne poruke od dobrog prijatelja.<\/p>\n\n\n\n<p>7 tajni uspje\u0161nog ogla\u0161avanja na radiju pogledajte&nbsp;<a href=\"https:\/\/radioljubuski.ba\/Kako%20se%20istaknuti%20u%20masi%20marketin%C5%A1kih%20kampanja%20tijekom%20blagdanskih%20akcija?%20%20Jedan%20od%20na%C4%8Dina%20za%20nadma%C5%A1iti%20konkurenciju%20jesu%20radio%20reklame.%20%20Radio%20reklama%20je%20vrlo%20u%C4%8Dinkovit%20na%C4%8Din%20da%20se%20pove%C4%87a%20promet%20u%20va%C5%A1em%20poduze%C4%87u,%20pi%C5%A1e%20poslovni%20portal%20poslovne.com.%20Studija%20koju%20je%20provela%20kompanija%20TagStation%20LLC%20otkrila%20je%20da%20radio%20oglasi%20u%20prosjeku%20pove%C4%87avaju%20promet%20za%2022%20posto.%20%20Razumijevanje%20razli%C4%8Ditih%20na%C4%8Dina%20na%20koji%20radio%20mo%C5%BEe%20pove%C4%87ati%20promet%20va%C5%A1e%20tvrtke%20va%C5%BEno%20je%20jer%20%C4%87e%20vam%20odgovoriti%20na%20pitanje%20kako%20do%C4%87i%20do%20tog%20uspjeha.%20Studija%20je%20analizirala%201,5%20milijun%20radio%20spotova%20za%2010%20tvrtki%20na%20100%20najboljih%20ameri%C4%8Dkih%20radio%20stanica,%20prikupljaju%C4%87i%20podatke%20od%20slu%C5%A1atelja%20od%20travnja%20do%20lipnja%202018.%20godine.%20Analizom%20studije%20pokazani%20su%20rezultati%20koji%20govore%20u%20prilog%20porasta%20prometa:%20%20%20%20%2032%20%%20u%20automobilskoj%20industriji%20%20%20%20%2032%20%%20u%20kozmetici%20%20%20%20%2023%20%%20u%20restoranima%20brze%20hrane%20%20%20%20%207%20%%20u%20tvrtkama%20povezanima%20sa%20uslugama%20renoviranja%20stanova%20Radio%20ima%20potencijal%20utjecati%20na%20slu%C5%A1atelje%20na%20razli%C4%8Dite%20na%C4%8Dine.%20%20Podijelili%20smo%20utjecaj%20radio%20stanice%20na%20slu%C5%A1atelje%20na%20nekoliko%20stavki:%20Radio%20sti%C5%BEe%20do%20potro%C5%A1a%C4%8Da%20na%20mjestu%20kupovine%20Kad%20je%20u%20pitanju%20slu%C5%A1anje%20FM%20radija,%20vi%C5%A1e%20od%20dvije%20tre%C4%87ine%20slu%C5%A1atelja%20je%20u%20trenutku%20slu%C5%A1anja%20van%20svojih%20domova.%20To%20se%20u%20prosjeku%20obi%C4%8Dno%20doga%C4%91a%20kada%20ljudi%20rade%20ili%20su%20u%20autu%20u%20blizini%20prodajnog%20mjesta%20na%20kojem%20kupuju.%20Slu%C5%A1anje%20radio%20reklama%20tijekom%20%20ovih%20kriti%C4%8Dnih%20trenutaka%20mo%C5%BEe%20ih%20potaknuti%20na%20akciju,%20poput%20posjete%20va%C5%A1oj%20trgovini.%20Radio%20utje%C4%8De%20na%20pona%C5%A1anje%20potro%C5%A1a%C4%8Da%20Osam%20od%20deset%20slu%C5%A1atelja%20ka%C5%BEe%20da%20bi%20razmislili%20o%20kupovini%20ne%C4%8Deg%20%C5%A1to%20im%20je%20preporu%C4%8Dila%20njihova%20omiljena%20radio-osoba.%20Ova%20vrsta%20utjecaja%20%20mo%C5%BEe%20pomo%C4%87i%20u%20privla%C4%8Denju%20prometa%20u%20va%C5%A1u%20trgovinu.%20U%20prosjeku,%20usporedbom%20trgovina%20koje%20su%20imale%20kvalitetnu%20radio-kampanju%20sa%20onima%20koje%20to%20nisu%20imale,%2030%%20vi%C5%A1e%20prometa%20se%20dogodilo%20u%20trgovinama%20koje%20su%20imale%20dobru%20radio%20reklamu.%20Radio%20reklama%20uve%C4%87ava%20i%20va%C5%A1%20domet%20Radio%20oglasi%20dizajnirani%20su%20tako%20da%20maksimaliziraju%20va%C5%A1%20domet%20i%20u%C4%8Destalost.%20To%20pove%C4%87ava%20ukupnu%20svjesnost%20i%20vidljivost%20brenda%20i%20povla%C4%8Di%20trenutni%20poziv%20na%20radnju%20kada%20kupci%20%C4%8Duju%20za%20va%C5%A1u%20uslugu.%20S%20obzirom%20na%20potencijalne%20koristi,%20radio%20mo%C5%BEe%20napraviti%20ogromnu%20razliku%20u%20prometu%20va%C5%A1eg%20poduze%C4%87a.%20Dodatni%20dobici%20%E2%80%93%20poput%20pove%C4%87ane%20svijesti%20o%20robnoj%20marki%20%E2%80%93%20trebalo%20bi%20vam%20dati%20jo%C5%A1%20vi%C5%A1e%20razloga%20da%20iskoristite%20snagu%20radija%20u%20svojoj%20marketin%C5%A1koj%20strategiji.%20Radio%20Ljubu%C5%A1ki%20idealan%20je%20izbor%20za%20promociju%20va%C5%A1ih%20blagdanskih%20akcija,%20jer%20uz%20mogu%C4%87nost%20oglasa%20na%20radiju,%20nudi%20i%20povoljne%20pakete%20ogla%C5%A1avanja%20na%20portalu%20Radioljubuski.ba.%20%20Nudimo%20mogu%C4%87nost%20kombiniranja%20oglasa%20na%20radiju%20i%20na%20webu,%20odnosno%20na%20radijskom%20portalu%20www.radioljubuski.ba%20te%20na%20na%C5%A1im%20dru%C5%A1tvenim%20mre%C5%BEama.%20%20Portal%20Radioljubuski.ba%20mjese%C4%8Dno%20bilje%C5%BEi%20preko%20100.000%20posjeta%20stranicama,%20a%20JP%20Radio%20Ljubu%C5%A1ki%20d.o.o.%20ima%20i%20sna%C5%BEnu%20prisutnost%20kao%20i%20vjernu%20publiku%20na%20dru%C5%A1tvenim%20mre%C5%BEama,%20raspola%C5%BEemo%20s%20dvije%20Facebook%20stranice%20koje%20ukupno%20imaju%2015%20tisu%C4%87a%20pratitelja.%20%20%20Kombiniranje%20radio%20ogla%C5%A1avanja%20i%20digitalnog%20ogla%C5%A1avanja%20vrlo%20je%20efikasan%20oblik%20ogla%C5%A1avanja,%20koji%20za%20mali%20ulog%20nudi%20%C5%A1iroki%20doseg%20publike,%20na%20raspolaganju%20su%20vam%20profesionalci%20koji%20%C4%87e%20snimiti%20va%C5%A1u%20reklamu%20na%20pravi%20na%C4%8Din%20i%20dobit%20%C4%87ete%20ono%20%C5%A1to%20platite.%20Kako%20pi%C5%A1e%20poslovni%20portal%20manager.ba,%20prednost%20radija%20je%20u%20tome%20%C5%A1to%20je%20najosobniji%20od%20svih%20medija.%20Svaki%20slu%C5%A1atelj%20ima%20omiljeni%20radio%20i%20jako%20mu%20je%20lojalan.%20Stalnim%20reklamiranjem%20na%20tom%20radiju,%20slu%C5%A1atelji%20va%C5%A1e%20reklame%20vi%C5%A1e%20ne%20tretiraju%20kao%20%E2%80%9Creklame%E2%80%9D.%20Tretiraju%20ih%20kao%20korisne%20poruke%20od%20dobrog%20prijatelja.%207%20tajni%20uspje%C5%A1nog%20ogla%C5%A1avanja%20na%20radiju%20pogledajte%20OVDJE%20https:\/\/manager.ba\/kolumne\/radio-reklame-7-tajni-uspje%C5%A1nog-ogla%C5%A1avanja-na-radiju\">OVDJE<\/a><\/p>\n\n\n\n<p>Ukoliko \u017eelite pokrenuti uspje\u0161nu marketin\u0161ku kampanju i promovirati svoj posao, javite nam se na brojeve;<\/p>\n\n\n\n<p>Telefoni: <\/p>\n\n\n\n<p>063 33 44 55 <\/p>\n\n\n\n<p>039\/ 831-930\u00a0\u00a0\u00a0\u00a0\u00a0\u00a0<br>fax: 039\/ 832-736 \u00a0<br>E-mail:\u00a0<a href=\"mailto:hrlj@tel.net.ba\">hrlj@tel.net.ba<\/a><\/p>\n","protected":false},"excerpt":{"rendered":"<p>Telefoni: 063 33 44 55 039\/ 831-930\u00a0\u00a0\u00a0\u00a0\u00a0\u00a0fax: 039\/ 832-736 \u00a0E-mail:\u00a0hrlj@tel.net.ba Kako se istaknuti u masi marketin\u0161kih kampanja? Jedan od na\u010dina za nadma\u0161iti konkurenciju jesu radio reklame. Radio reklama je vrlo u\u010dinkovit na\u010din da se pove\u0107a promet u va\u0161em poduze\u0107u, pokazuju podaci koje je objavio poslovni portal&nbsp;Poslovne.com. Studija koju je provela kompanija TagStation LLC otkrila je [&hellip;]<\/p>\n","protected":false},"author":2,"featured_media":192578,"parent":0,"menu_order":0,"comment_status":"closed","ping_status":"closed","template":"","meta":{"h5ap_radio_sources":[],"footnotes":""},"class_list":["post-21","page","type-page","status-publish","has-post-thumbnail","hentry"],"yoast_head":"<!-- This site is optimized with the Yoast SEO plugin v27.5 - https:\/\/yoast.com\/product\/yoast-seo-wordpress\/ -->\n<title>Radio reklama pove\u0107ava promet - RADIO LJUBU\u0160KI<\/title>\n<meta name=\"robots\" content=\"index, follow, max-snippet:-1, max-image-preview:large, max-video-preview:-1\" \/>\n<link rel=\"canonical\" href=\"https:\/\/radioljubuski.ba\/index.php\/radio-reklama-povecava-promet\/\" \/>\n<meta property=\"og:locale\" content=\"hr_HR\" \/>\n<meta property=\"og:type\" content=\"article\" \/>\n<meta property=\"og:title\" content=\"Radio reklama pove\u0107ava promet - RADIO LJUBU\u0160KI\" \/>\n<meta property=\"og:description\" content=\"Telefoni: 063 33 44 55 039\/ 831-930\u00a0\u00a0\u00a0\u00a0\u00a0\u00a0fax: 039\/ 832-736 \u00a0E-mail:\u00a0hrlj@tel.net.ba Kako se istaknuti u masi marketin\u0161kih kampanja? Jedan od na\u010dina za nadma\u0161iti konkurenciju jesu radio reklame. Radio reklama je vrlo u\u010dinkovit na\u010din da se pove\u0107a promet u va\u0161em poduze\u0107u, pokazuju podaci koje je objavio poslovni portal&nbsp;Poslovne.com. Studija koju je provela kompanija TagStation LLC otkrila je [&hellip;]\" \/>\n<meta property=\"og:url\" content=\"https:\/\/radioljubuski.ba\/index.php\/radio-reklama-povecava-promet\/\" \/>\n<meta property=\"og:site_name\" content=\"RADIO LJUBU\u0160KI\" \/>\n<meta property=\"article:publisher\" content=\"https:\/\/www.facebook.com\/Radiio-Ljubuski-1490835324566332\" \/>\n<meta property=\"article:modified_time\" content=\"2023-07-13T12:40:00+00:00\" \/>\n<meta property=\"og:image\" content=\"https:\/\/radioljubuski.ba\/wp-content\/uploads\/2023\/06\/Your-paragraph-text.png\" \/>\n\t<meta property=\"og:image:width\" content=\"940\" \/>\n\t<meta property=\"og:image:height\" content=\"788\" \/>\n\t<meta property=\"og:image:type\" content=\"image\/png\" \/>\n<meta name=\"twitter:card\" content=\"summary_large_image\" \/>\n<meta name=\"twitter:site\" content=\"@radioljubuski\" \/>\n<meta name=\"twitter:label1\" content=\"Procijenjeno vrijeme \u010ditanja\" \/>\n\t<meta name=\"twitter:data1\" content=\"4 minute\" \/>\n<script type=\"application\/ld+json\" class=\"yoast-schema-graph\">{\"@context\":\"https:\\\/\\\/schema.org\",\"@graph\":[{\"@type\":\"WebPage\",\"@id\":\"https:\\\/\\\/radioljubuski.ba\\\/index.php\\\/radio-reklama-povecava-promet\\\/\",\"url\":\"https:\\\/\\\/radioljubuski.ba\\\/index.php\\\/radio-reklama-povecava-promet\\\/\",\"name\":\"Radio reklama pove\u0107ava promet - RADIO LJUBU\u0160KI\",\"isPartOf\":{\"@id\":\"https:\\\/\\\/radioljubuski.ba\\\/#website\"},\"primaryImageOfPage\":{\"@id\":\"https:\\\/\\\/radioljubuski.ba\\\/index.php\\\/radio-reklama-povecava-promet\\\/#primaryimage\"},\"image\":{\"@id\":\"https:\\\/\\\/radioljubuski.ba\\\/index.php\\\/radio-reklama-povecava-promet\\\/#primaryimage\"},\"thumbnailUrl\":\"https:\\\/\\\/radioljubuski.ba\\\/wp-content\\\/uploads\\\/2023\\\/06\\\/Your-paragraph-text.png\",\"datePublished\":\"2021-02-24T09:19:27+00:00\",\"dateModified\":\"2023-07-13T12:40:00+00:00\",\"breadcrumb\":{\"@id\":\"https:\\\/\\\/radioljubuski.ba\\\/index.php\\\/radio-reklama-povecava-promet\\\/#breadcrumb\"},\"inLanguage\":\"hr\",\"potentialAction\":[{\"@type\":\"ReadAction\",\"target\":[\"https:\\\/\\\/radioljubuski.ba\\\/index.php\\\/radio-reklama-povecava-promet\\\/\"]}]},{\"@type\":\"ImageObject\",\"inLanguage\":\"hr\",\"@id\":\"https:\\\/\\\/radioljubuski.ba\\\/index.php\\\/radio-reklama-povecava-promet\\\/#primaryimage\",\"url\":\"https:\\\/\\\/radioljubuski.ba\\\/wp-content\\\/uploads\\\/2023\\\/06\\\/Your-paragraph-text.png\",\"contentUrl\":\"https:\\\/\\\/radioljubuski.ba\\\/wp-content\\\/uploads\\\/2023\\\/06\\\/Your-paragraph-text.png\",\"width\":940,\"height\":788},{\"@type\":\"BreadcrumbList\",\"@id\":\"https:\\\/\\\/radioljubuski.ba\\\/index.php\\\/radio-reklama-povecava-promet\\\/#breadcrumb\",\"itemListElement\":[{\"@type\":\"ListItem\",\"position\":1,\"name\":\"Po\u010detna stranica\",\"item\":\"https:\\\/\\\/radioljubuski.ba\\\/\"},{\"@type\":\"ListItem\",\"position\":2,\"name\":\"Radio reklama pove\u0107ava promet\"}]},{\"@type\":\"WebSite\",\"@id\":\"https:\\\/\\\/radioljubuski.ba\\\/#website\",\"url\":\"https:\\\/\\\/radioljubuski.ba\\\/\",\"name\":\"Radio Ljubu\u0161ki\",\"description\":\"Sun\u010dana frekvencija Hercegovine\",\"publisher\":{\"@id\":\"https:\\\/\\\/radioljubuski.ba\\\/#organization\"},\"potentialAction\":[{\"@type\":\"SearchAction\",\"target\":{\"@type\":\"EntryPoint\",\"urlTemplate\":\"https:\\\/\\\/radioljubuski.ba\\\/?s={search_term_string}\"},\"query-input\":{\"@type\":\"PropertyValueSpecification\",\"valueRequired\":true,\"valueName\":\"search_term_string\"}}],\"inLanguage\":\"hr\"},{\"@type\":\"Organization\",\"@id\":\"https:\\\/\\\/radioljubuski.ba\\\/#organization\",\"name\":\"Radio Ljubu\u0161ki\",\"url\":\"https:\\\/\\\/radioljubuski.ba\\\/\",\"logo\":{\"@type\":\"ImageObject\",\"inLanguage\":\"hr\",\"@id\":\"https:\\\/\\\/radioljubuski.ba\\\/#\\\/schema\\\/logo\\\/image\\\/\",\"url\":\"https:\\\/\\\/radioljubuski.ba\\\/wp-content\\\/uploads\\\/2021\\\/02\\\/cropped-Radio_Ljubuski_logo1.jpg\",\"contentUrl\":\"https:\\\/\\\/radioljubuski.ba\\\/wp-content\\\/uploads\\\/2021\\\/02\\\/cropped-Radio_Ljubuski_logo1.jpg\",\"width\":512,\"height\":512,\"caption\":\"Radio Ljubu\u0161ki\"},\"image\":{\"@id\":\"https:\\\/\\\/radioljubuski.ba\\\/#\\\/schema\\\/logo\\\/image\\\/\"},\"sameAs\":[\"https:\\\/\\\/www.facebook.com\\\/Radiio-Ljubuski-1490835324566332\",\"https:\\\/\\\/x.com\\\/radioljubuski\",\"https:\\\/\\\/hr.linkedin.com\\\/company\\\/radio-ljubuski\",\"https:\\\/\\\/www.youtube.com\\\/channel\\\/UCHYaeO_n0Db3tjNGudGpXyw\"]}]}<\/script>\n<!-- \/ Yoast SEO plugin. -->","yoast_head_json":{"title":"Radio reklama pove\u0107ava promet - RADIO LJUBU\u0160KI","robots":{"index":"index","follow":"follow","max-snippet":"max-snippet:-1","max-image-preview":"max-image-preview:large","max-video-preview":"max-video-preview:-1"},"canonical":"https:\/\/radioljubuski.ba\/index.php\/radio-reklama-povecava-promet\/","og_locale":"hr_HR","og_type":"article","og_title":"Radio reklama pove\u0107ava promet - RADIO LJUBU\u0160KI","og_description":"Telefoni: 063 33 44 55 039\/ 831-930\u00a0\u00a0\u00a0\u00a0\u00a0\u00a0fax: 039\/ 832-736 \u00a0E-mail:\u00a0hrlj@tel.net.ba Kako se istaknuti u masi marketin\u0161kih kampanja? Jedan od na\u010dina za nadma\u0161iti konkurenciju jesu radio reklame. Radio reklama je vrlo u\u010dinkovit na\u010din da se pove\u0107a promet u va\u0161em poduze\u0107u, pokazuju podaci koje je objavio poslovni portal&nbsp;Poslovne.com. Studija koju je provela kompanija TagStation LLC otkrila je [&hellip;]","og_url":"https:\/\/radioljubuski.ba\/index.php\/radio-reklama-povecava-promet\/","og_site_name":"RADIO LJUBU\u0160KI","article_publisher":"https:\/\/www.facebook.com\/Radiio-Ljubuski-1490835324566332","article_modified_time":"2023-07-13T12:40:00+00:00","og_image":[{"width":940,"height":788,"url":"https:\/\/radioljubuski.ba\/wp-content\/uploads\/2023\/06\/Your-paragraph-text.png","type":"image\/png"}],"twitter_card":"summary_large_image","twitter_site":"@radioljubuski","twitter_misc":{"Procijenjeno vrijeme \u010ditanja":"4 minute"},"schema":{"@context":"https:\/\/schema.org","@graph":[{"@type":"WebPage","@id":"https:\/\/radioljubuski.ba\/index.php\/radio-reklama-povecava-promet\/","url":"https:\/\/radioljubuski.ba\/index.php\/radio-reklama-povecava-promet\/","name":"Radio reklama pove\u0107ava promet - RADIO LJUBU\u0160KI","isPartOf":{"@id":"https:\/\/radioljubuski.ba\/#website"},"primaryImageOfPage":{"@id":"https:\/\/radioljubuski.ba\/index.php\/radio-reklama-povecava-promet\/#primaryimage"},"image":{"@id":"https:\/\/radioljubuski.ba\/index.php\/radio-reklama-povecava-promet\/#primaryimage"},"thumbnailUrl":"https:\/\/radioljubuski.ba\/wp-content\/uploads\/2023\/06\/Your-paragraph-text.png","datePublished":"2021-02-24T09:19:27+00:00","dateModified":"2023-07-13T12:40:00+00:00","breadcrumb":{"@id":"https:\/\/radioljubuski.ba\/index.php\/radio-reklama-povecava-promet\/#breadcrumb"},"inLanguage":"hr","potentialAction":[{"@type":"ReadAction","target":["https:\/\/radioljubuski.ba\/index.php\/radio-reklama-povecava-promet\/"]}]},{"@type":"ImageObject","inLanguage":"hr","@id":"https:\/\/radioljubuski.ba\/index.php\/radio-reklama-povecava-promet\/#primaryimage","url":"https:\/\/radioljubuski.ba\/wp-content\/uploads\/2023\/06\/Your-paragraph-text.png","contentUrl":"https:\/\/radioljubuski.ba\/wp-content\/uploads\/2023\/06\/Your-paragraph-text.png","width":940,"height":788},{"@type":"BreadcrumbList","@id":"https:\/\/radioljubuski.ba\/index.php\/radio-reklama-povecava-promet\/#breadcrumb","itemListElement":[{"@type":"ListItem","position":1,"name":"Po\u010detna stranica","item":"https:\/\/radioljubuski.ba\/"},{"@type":"ListItem","position":2,"name":"Radio reklama pove\u0107ava promet"}]},{"@type":"WebSite","@id":"https:\/\/radioljubuski.ba\/#website","url":"https:\/\/radioljubuski.ba\/","name":"Radio Ljubu\u0161ki","description":"Sun\u010dana frekvencija Hercegovine","publisher":{"@id":"https:\/\/radioljubuski.ba\/#organization"},"potentialAction":[{"@type":"SearchAction","target":{"@type":"EntryPoint","urlTemplate":"https:\/\/radioljubuski.ba\/?s={search_term_string}"},"query-input":{"@type":"PropertyValueSpecification","valueRequired":true,"valueName":"search_term_string"}}],"inLanguage":"hr"},{"@type":"Organization","@id":"https:\/\/radioljubuski.ba\/#organization","name":"Radio Ljubu\u0161ki","url":"https:\/\/radioljubuski.ba\/","logo":{"@type":"ImageObject","inLanguage":"hr","@id":"https:\/\/radioljubuski.ba\/#\/schema\/logo\/image\/","url":"https:\/\/radioljubuski.ba\/wp-content\/uploads\/2021\/02\/cropped-Radio_Ljubuski_logo1.jpg","contentUrl":"https:\/\/radioljubuski.ba\/wp-content\/uploads\/2021\/02\/cropped-Radio_Ljubuski_logo1.jpg","width":512,"height":512,"caption":"Radio Ljubu\u0161ki"},"image":{"@id":"https:\/\/radioljubuski.ba\/#\/schema\/logo\/image\/"},"sameAs":["https:\/\/www.facebook.com\/Radiio-Ljubuski-1490835324566332","https:\/\/x.com\/radioljubuski","https:\/\/hr.linkedin.com\/company\/radio-ljubuski","https:\/\/www.youtube.com\/channel\/UCHYaeO_n0Db3tjNGudGpXyw"]}]}},"_links":{"self":[{"href":"https:\/\/radioljubuski.ba\/index.php\/wp-json\/wp\/v2\/pages\/21","targetHints":{"allow":["GET"]}}],"collection":[{"href":"https:\/\/radioljubuski.ba\/index.php\/wp-json\/wp\/v2\/pages"}],"about":[{"href":"https:\/\/radioljubuski.ba\/index.php\/wp-json\/wp\/v2\/types\/page"}],"author":[{"embeddable":true,"href":"https:\/\/radioljubuski.ba\/index.php\/wp-json\/wp\/v2\/users\/2"}],"replies":[{"embeddable":true,"href":"https:\/\/radioljubuski.ba\/index.php\/wp-json\/wp\/v2\/comments?post=21"}],"version-history":[{"count":9,"href":"https:\/\/radioljubuski.ba\/index.php\/wp-json\/wp\/v2\/pages\/21\/revisions"}],"predecessor-version":[{"id":192941,"href":"https:\/\/radioljubuski.ba\/index.php\/wp-json\/wp\/v2\/pages\/21\/revisions\/192941"}],"wp:featuredmedia":[{"embeddable":true,"href":"https:\/\/radioljubuski.ba\/index.php\/wp-json\/wp\/v2\/media\/192578"}],"wp:attachment":[{"href":"https:\/\/radioljubuski.ba\/index.php\/wp-json\/wp\/v2\/media?parent=21"}],"curies":[{"name":"wp","href":"https:\/\/api.w.org\/{rel}","templated":true}]}}